{"id":216,"date":"2018-05-07T11:35:19","date_gmt":"2018-05-07T11:35:19","guid":{"rendered":"http:\/\/von-rickenbach.com\/?page_id=216"},"modified":"2018-05-07T11:35:19","modified_gmt":"2018-05-07T11:35:19","slug":"impressum","status":"publish","type":"page","link":"https:\/\/von-rickenbach.com\/?page_id=216","title":{"rendered":"Impressum"},"content":{"rendered":"<p>Diese Seite, sowie http:\/\/www.vr-technics.ch, http:\/\/www.marderabwehr.ch und http:\/\/www.carparts24.ch sind ein kommerzielles Angebot der<\/p>\n<p>VR-Technics GmbH<br \/>\nIndustriestrasse 2<br \/>\n6436 Muotathal<\/p>\n<p>Gesch\u00e4ftsf\u00fchrer:<br \/>\nVerantwortlich f\u00fcr den Inhalt der Website:<\/p>\n<p>Telefon: 0041 41 830 03 72<br \/>\nFax: 0041 41 830 03 73<br \/>\nEmail: info@vr-technics.ch<\/p>\n<p>SteuerNr.:<br \/>\nUSt.-IdNr.: 574 707<\/p>\n<p>CH-130.4.001.098.-6<\/p>\n","protected":false},"excerpt":{"rendered":"<p>Diese Seite, sowie http:\/\/www.vr-technics.ch, http:\/\/www.marderabwehr.ch und http:\/\/www.carparts24.ch sind ein kommerzielles Angebot der VR-Technics GmbH Industriestrasse 2 6436 Muotathal Gesch\u00e4ftsf\u00fchrer: Verantwortlich f\u00fcr den Inhalt der Website: Telefon: 0041 41 830 03 72 Fax: 0041 41 830 03 73 Email: info@vr-technics.ch SteuerNr.: USt.-IdNr.: 574 707 CH-130.4.001.098.-6<\/p>\n","protected":false},"author":1,"featured_media":0,"parent":0,"menu_order":0,"comment_status":"closed","ping_status":"closed","template":"","meta":[],"_links":{"self":[{"href":"https:\/\/von-rickenbach.com\/index.php?rest_route=\/wp\/v2\/pages\/216"}],"collection":[{"href":"https:\/\/von-rickenbach.com\/index.php?rest_route=\/wp\/v2\/pages"}],"about":[{"href":"https:\/\/von-rickenbach.com\/index.php?rest_route=\/wp\/v2\/types\/page"}],"author":[{"embeddable":true,"href":"https:\/\/von-rickenbach.com\/index.php?rest_route=\/wp\/v2\/users\/1"}],"replies":[{"embeddable":true,"href":"https:\/\/von-rickenbach.com\/index.php?rest_route=%2Fwp%2Fv2%2Fcomments&post=216"}],"version-history":[{"count":1,"href":"https:\/\/von-rickenbach.com\/index.php?rest_route=\/wp\/v2\/pages\/216\/revisions"}],"predecessor-version":[{"id":217,"href":"https:\/\/von-rickenbach.com\/index.php?rest_route=\/wp\/v2\/pages\/216\/revisions\/217"}],"wp:attachment":[{"href":"https:\/\/von-rickenbach.com\/index.php?rest_route=%2Fwp%2Fv2%2Fmedia&parent=216"}],"curies":[{"name":"wp","href":"https:\/\/api.w.org\/{rel}","templated":true}]}}