{"id":52,"date":"2017-02-08T13:06:47","date_gmt":"2017-02-08T13:06:47","guid":{"rendered":"http:\/\/von-rickenbach.com\/wordpress\/?page_id=52"},"modified":"2019-01-17T06:45:48","modified_gmt":"2019-01-17T06:45:48","slug":"home","status":"publish","type":"page","link":"https:\/\/von-rickenbach.com\/","title":{"rendered":"Home"},"content":{"rendered":"<figure id=\"attachment_175\" aria-describedby=\"caption-attachment-175\" style=\"width: 159px\" class=\"wp-caption alignright\"><a href=\"ftp:\/\/vrt.dyndns.org\/ftp\/teamviewer\/quickhelp.exe\"><img loading=\"lazy\" class=\"wp-image-175\" src=\"http:\/\/von-rickenbach.com\/wordpress\/wp-content\/uploads\/2017\/02\/teamviewer-09-535x535-300x300.png\" alt=\"\" width=\"159\" height=\"159\" srcset=\"https:\/\/von-rickenbach.com\/wp-content\/uploads\/2017\/02\/teamviewer-09-535x535-300x300.png 300w, https:\/\/von-rickenbach.com\/wp-content\/uploads\/2017\/02\/teamviewer-09-535x535-150x150.png 150w, https:\/\/von-rickenbach.com\/wp-content\/uploads\/2017\/02\/teamviewer-09-535x535-230x230.png 230w, https:\/\/von-rickenbach.com\/wp-content\/uploads\/2017\/02\/teamviewer-09-535x535-350x350.png 350w, https:\/\/von-rickenbach.com\/wp-content\/uploads\/2017\/02\/teamviewer-09-535x535-480x480.png 480w, https:\/\/von-rickenbach.com\/wp-content\/uploads\/2017\/02\/teamviewer-09-535x535.png 535w\" sizes=\"(max-width: 159px) 100vw, 159px\" \/><\/a><figcaption id=\"caption-attachment-175\" class=\"wp-caption-text\"><span style=\"font-family: Verdana; font-size: 24px;\">\u00a0 \u00a0 Quickhelp<\/span><\/figcaption><\/figure>\n<figure id=\"attachment_204\" aria-describedby=\"caption-attachment-204\" style=\"width: 180px\" class=\"wp-caption alignright\"><a href=\"ftp:\/\/vrt.dyndns.org\/ftp\/anydesk\/AnyDesk.exe\"><img loading=\"lazy\" class=\"wp-image-204 size-full\" src=\"http:\/\/von-rickenbach.com\/wp-content\/uploads\/2018\/03\/Unbenannt.png\" alt=\"\" width=\"180\" height=\"180\" srcset=\"https:\/\/von-rickenbach.com\/wp-content\/uploads\/2018\/03\/Unbenannt.png 180w, https:\/\/von-rickenbach.com\/wp-content\/uploads\/2018\/03\/Unbenannt-150x150.png 150w\" sizes=\"(max-width: 180px) 100vw, 180px\" \/><\/a><figcaption id=\"caption-attachment-204\" class=\"wp-caption-text\"><span style=\"font-family: Verdana; font-size: x-large;\">\u00a0<\/span><\/figcaption><\/figure>\n<p>Herzlich Wilkommen bei der VR-Technics GmbH!<\/p>\n<p>Als ihr IT-Partner aus der Region bieten wir IT mit Qualit\u00e4t, unter anderem durch<\/p>\n<ul>\n<li>Installation und Wartung von Soft- und Hardware<\/li>\n<li>Virenschutz und Sicherheit f\u00fcr Kinder<\/li>\n<li>Heim- und Firmennetzwerke sowie WLAN<\/li>\n<li>Server<\/li>\n<li>Drucker<\/li>\n<li>Datensicherung<\/li>\n<li>Diverser IT-Zubeh\u00f6r<\/li>\n<li>IP-Telefonie<\/li>\n<\/ul>\n<p>&nbsp;<\/p>\n<p>&nbsp;<\/p>\n<p><img loading=\"lazy\" class=\"alignnone wp-image-139\" src=\"http:\/\/von-rickenbach.com\/wordpress\/wp-content\/uploads\/2017\/02\/terraservicepartner-1-300x290.jpg\" alt=\"\" width=\"176\" height=\"170\" srcset=\"https:\/\/von-rickenbach.com\/wp-content\/uploads\/2017\/02\/terraservicepartner-1-300x290.jpg 300w, https:\/\/von-rickenbach.com\/wp-content\/uploads\/2017\/02\/terraservicepartner-1-768x743.jpg 768w, https:\/\/von-rickenbach.com\/wp-content\/uploads\/2017\/02\/terraservicepartner-1-1024x991.jpg 1024w, https:\/\/von-rickenbach.com\/wp-content\/uploads\/2017\/02\/terraservicepartner-1-830x803.jpg 830w, https:\/\/von-rickenbach.com\/wp-content\/uploads\/2017\/02\/terraservicepartner-1-230x223.jpg 230w, https:\/\/von-rickenbach.com\/wp-content\/uploads\/2017\/02\/terraservicepartner-1-350x339.jpg 350w, https:\/\/von-rickenbach.com\/wp-content\/uploads\/2017\/02\/terraservicepartner-1-480x465.jpg 480w, https:\/\/von-rickenbach.com\/wp-content\/uploads\/2017\/02\/terraservicepartner-1.jpg 1029w\" sizes=\"(max-width: 176px) 100vw, 176px\" \/><a id=\"set-post-thumbnail\" class=\"thickbox\" href=\"http:\/\/chwebdesign.ch\"><img loading=\"lazy\" class=\"attachment-266x266 alignnone\" src=\"http:\/\/von-rickenbach.com\/wp-content\/uploads\/2017\/02\/chwebdesign.jpg\" width=\"229\" height=\"81\" \/><\/a><img loading=\"lazy\" class=\"alignnone wp-image-91\" src=\"http:\/\/von-rickenbach.com\/wordpress\/wp-content\/uploads\/2017\/02\/F-secure_logo-280x300.png\" alt=\"\" width=\"150\" height=\"160\" srcset=\"https:\/\/von-rickenbach.com\/wp-content\/uploads\/2017\/02\/F-secure_logo-280x300.png 280w, https:\/\/von-rickenbach.com\/wp-content\/uploads\/2017\/02\/F-secure_logo-230x246.png 230w, https:\/\/von-rickenbach.com\/wp-content\/uploads\/2017\/02\/F-secure_logo-350x375.png 350w, https:\/\/von-rickenbach.com\/wp-content\/uploads\/2017\/02\/F-secure_logo-480x514.png 480w, https:\/\/von-rickenbach.com\/wp-content\/uploads\/2017\/02\/F-secure_logo.png 591w\" sizes=\"(max-width: 150px) 100vw, 150px\" \/><img loading=\"lazy\" class=\"alignnone wp-image-140\" src=\"http:\/\/von-rickenbach.com\/wordpress\/wp-content\/uploads\/2017\/02\/help_media-28826-studerus-ag_399497-300x300.gif\" alt=\"\" width=\"189\" height=\"189\" srcset=\"https:\/\/von-rickenbach.com\/wp-content\/uploads\/2017\/02\/help_media-28826-studerus-ag_399497-300x300.gif 300w, https:\/\/von-rickenbach.com\/wp-content\/uploads\/2017\/02\/help_media-28826-studerus-ag_399497-150x150.gif 150w, https:\/\/von-rickenbach.com\/wp-content\/uploads\/2017\/02\/help_media-28826-studerus-ag_399497-768x768.gif 768w, https:\/\/von-rickenbach.com\/wp-content\/uploads\/2017\/02\/help_media-28826-studerus-ag_399497-230x230.gif 230w, https:\/\/von-rickenbach.com\/wp-content\/uploads\/2017\/02\/help_media-28826-studerus-ag_399497-350x350.gif 350w, https:\/\/von-rickenbach.com\/wp-content\/uploads\/2017\/02\/help_media-28826-studerus-ag_399497-480x480.gif 480w\" sizes=\"(max-width: 189px) 100vw, 189px\" \/><\/p>\n<p><img loading=\"lazy\" class=\"alignnone wp-image-168\" src=\"http:\/\/von-rickenbach.com\/wordpress\/wp-content\/uploads\/2017\/02\/kyocera_partner_cymk-300x219.jpg\" width=\"199\" height=\"145\" srcset=\"https:\/\/von-rickenbach.com\/wp-content\/uploads\/2017\/02\/kyocera_partner_cymk-300x219.jpg 300w, https:\/\/von-rickenbach.com\/wp-content\/uploads\/2017\/02\/kyocera_partner_cymk-768x561.jpg 768w, https:\/\/von-rickenbach.com\/wp-content\/uploads\/2017\/02\/kyocera_partner_cymk-550x400.jpg 550w, https:\/\/von-rickenbach.com\/wp-content\/uploads\/2017\/02\/kyocera_partner_cymk-230x168.jpg 230w, https:\/\/von-rickenbach.com\/wp-content\/uploads\/2017\/02\/kyocera_partner_cymk-350x256.jpg 350w, https:\/\/von-rickenbach.com\/wp-content\/uploads\/2017\/02\/kyocera_partner_cymk-480x350.jpg 480w, https:\/\/von-rickenbach.com\/wp-content\/uploads\/2017\/02\/kyocera_partner_cymk.jpg 800w\" sizes=\"(max-width: 199px) 100vw, 199px\" \/><img loading=\"lazy\" class=\"alignnone wp-image-143\" src=\"http:\/\/von-rickenbach.com\/wordpress\/wp-content\/uploads\/2017\/02\/logo_peoplefone-300x225.jpg\" alt=\"\" width=\"242\" height=\"182\" srcset=\"https:\/\/von-rickenbach.com\/wp-content\/uploads\/2017\/02\/logo_peoplefone-300x225.jpg 300w, https:\/\/von-rickenbach.com\/wp-content\/uploads\/2017\/02\/logo_peoplefone-230x173.jpg 230w, https:\/\/von-rickenbach.com\/wp-content\/uploads\/2017\/02\/logo_peoplefone-350x263.jpg 350w, https:\/\/von-rickenbach.com\/wp-content\/uploads\/2017\/02\/logo_peoplefone-480x360.jpg 480w, https:\/\/von-rickenbach.com\/wp-content\/uploads\/2017\/02\/logo_peoplefone.jpg 620w\" sizes=\"(max-width: 242px) 100vw, 242px\" \/><img loading=\"lazy\" class=\"alignnone wp-image-142\" src=\"http:\/\/von-rickenbach.com\/wordpress\/wp-content\/uploads\/2017\/02\/cyberlink-300x300.png\" alt=\"\" width=\"189\" height=\"189\" srcset=\"https:\/\/von-rickenbach.com\/wp-content\/uploads\/2017\/02\/cyberlink-300x300.png 300w, https:\/\/von-rickenbach.com\/wp-content\/uploads\/2017\/02\/cyberlink-150x150.png 150w, https:\/\/von-rickenbach.com\/wp-content\/uploads\/2017\/02\/cyberlink-230x230.png 230w, https:\/\/von-rickenbach.com\/wp-content\/uploads\/2017\/02\/cyberlink.png 305w\" sizes=\"(max-width: 189px) 100vw, 189px\" \/><img loading=\"lazy\" class=\"alignnone wp-image-153\" src=\"http:\/\/von-rickenbach.com\/wordpress\/wp-content\/uploads\/2017\/02\/cropped-swi1-300x300.jpg\" alt=\"\" width=\"175\" height=\"175\" srcset=\"https:\/\/von-rickenbach.com\/wp-content\/uploads\/2017\/02\/cropped-swi1-300x300.jpg 300w, https:\/\/von-rickenbach.com\/wp-content\/uploads\/2017\/02\/cropped-swi1-150x150.jpg 150w, https:\/\/von-rickenbach.com\/wp-content\/uploads\/2017\/02\/cropped-swi1-230x230.jpg 230w, https:\/\/von-rickenbach.com\/wp-content\/uploads\/2017\/02\/cropped-swi1-350x350.jpg 350w, https:\/\/von-rickenbach.com\/wp-content\/uploads\/2017\/02\/cropped-swi1-480x480.jpg 480w, https:\/\/von-rickenbach.com\/wp-content\/uploads\/2017\/02\/cropped-swi1-270x270.jpg 270w, https:\/\/von-rickenbach.com\/wp-content\/uploads\/2017\/02\/cropped-swi1-192x192.jpg 192w, https:\/\/von-rickenbach.com\/wp-content\/uploads\/2017\/02\/cropped-swi1-180x180.jpg 180w, https:\/\/von-rickenbach.com\/wp-content\/uploads\/2017\/02\/cropped-swi1-32x32.jpg 32w, https:\/\/von-rickenbach.com\/wp-content\/uploads\/2017\/02\/cropped-swi1.jpg 512w\" sizes=\"(max-width: 175px) 100vw, 175px\" \/><\/p>\n","protected":false},"excerpt":{"rendered":"<p>Herzlich Wilkommen bei der VR-Technics GmbH! Als ihr IT-Partner aus der Region bieten wir IT mit Qualit\u00e4t, unter anderem durch Installation und Wartung von Soft- und Hardware Virenschutz und Sicherheit f\u00fcr Kinder Heim- und Firmennetzwerke sowie WLAN Server Drucker Datensicherung Diverser IT-Zubeh\u00f6r IP-Telefonie &nbsp; &nbsp;<\/p>\n","protected":false},"author":1,"featured_media":181,"parent":0,"menu_order":0,"comment_status":"closed","ping_status":"closed","template":"","meta":[],"_links":{"self":[{"href":"https:\/\/von-rickenbach.com\/index.php?rest_route=\/wp\/v2\/pages\/52"}],"collection":[{"href":"https:\/\/von-rickenbach.com\/index.php?rest_route=\/wp\/v2\/pages"}],"about":[{"href":"https:\/\/von-rickenbach.com\/index.php?rest_route=\/wp\/v2\/types\/page"}],"author":[{"embeddable":true,"href":"https:\/\/von-rickenbach.com\/index.php?rest_route=\/wp\/v2\/users\/1"}],"replies":[{"embeddable":true,"href":"https:\/\/von-rickenbach.com\/index.php?rest_route=%2Fwp%2Fv2%2Fcomments&post=52"}],"version-history":[{"count":40,"href":"https:\/\/von-rickenbach.com\/index.php?rest_route=\/wp\/v2\/pages\/52\/revisions"}],"predecessor-version":[{"id":225,"href":"https:\/\/von-rickenbach.com\/index.php?rest_route=\/wp\/v2\/pages\/52\/revisions\/225"}],"wp:featuredmedia":[{"embeddable":true,"href":"https:\/\/von-rickenbach.com\/index.php?rest_route=\/wp\/v2\/media\/181"}],"wp:attachment":[{"href":"https:\/\/von-rickenbach.com\/index.php?rest_route=%2Fwp%2Fv2%2Fmedia&parent=52"}],"curies":[{"name":"wp","href":"https:\/\/api.w.org\/{rel}","templated":true}]}}